{"id":6,"date":"2018-12-29T15:14:07","date_gmt":"2018-12-29T15:14:07","guid":{"rendered":"https:\/\/futuriodemos.com\/coffee-demo\/?page_id=5"},"modified":"2026-04-01T21:17:06","modified_gmt":"2026-04-01T19:17:06","slug":"home-2-2","status":"publish","type":"page","link":"https:\/\/rodpstrowskiego.pl\/","title":{"rendered":"Og\u0142oszenia"},"content":{"rendered":"\n<p class=\"has-medium-font-size\"><\/p>\n\n\n\n<div class=\"wp-block-ultimate-post-post-grid-parent ultp-post-grid-parent\" data-postid=\"6\" data-grids=\"[{&quot;blockId&quot;:&quot;627060&quot;,&quot;name&quot;:&quot;ultimate-post_post-list-4&quot;}]\" data-pagi=\"[]\"><div  class=\"ultp-post-grid-block wp-block-ultimate-post-post-list-4 ultp-block-627060\"><div class=\"ultp-block-wrapper\"><div class=\"ultp-loading\"><div class=\"ultp-loading-blocks\" style=\"width:100%;height:100%;\"><div style=\"left: 0;top: 0;animation-delay:0s;\"><\/div><div style=\"left: 21px;top: 0;animation-delay:0.125s;\"><\/div><div style=\"left: 42px;top: 0;animation-delay:0.25s;\"><\/div><div style=\"left: 0;top: 21px;animation-delay:0.875s;\"><\/div><div style=\"left: 42px;top: 21px;animation-delay:0.375s;\"><\/div><div style=\"left: 0;top: 42px;animation-delay:0.75s;\"><\/div><div style=\"left: 42px;top: 42px;animation-delay:0.625s;\"><\/div><div style=\"left: 21px;top: 42px;animation-delay:0.5s;\"><\/div><\/div><\/div><div class=\"ultp-heading-filter\"><div class=\"ultp-heading-filter-in\"><div class=\"ultp-heading-wrap ultp-heading-style3 ultp-heading-left\"><h2 class=\"ultp-heading-inner\"><span>Og\u0142oszenia zarz\u0105du rod:<\/span><\/h2><\/div><\/div><\/div><div class=\"ultp-block-items-wrap ultp-block-content-middle ultp-layout1\"><div class=\"ultp-block-item ultp-block-media post-id-870\"><div class=\"ultp-block-content-wrap ultp-first-postlist-2\"><div class=\"ultp-block-image ultp-block-image-slideRight\"><a href=\"https:\/\/rodpstrowskiego.pl\/index.php\/2026\/04\/13\/komunikat-2\/\" ><img decoding=\"async\"  alt=\"KOMUNIKAT\"  src=\"https:\/\/rodpstrowskiego.pl\/wp-content\/uploads\/2026\/04\/Untitled.jpeg\" \/><\/a><\/div><div class=\"ultp-block-content\"><h3 class=\"ultp-block-title \"><a href=\"https:\/\/rodpstrowskiego.pl\/index.php\/2026\/04\/13\/komunikat-2\/\" >KOMUNIKAT<\/a><\/h3><div class=\"ultp-block-excerpt\"><p>W DNIU 11.04.2026 ODBY\u0141O SI\u0118 WALNE ZEBRANIE SPRAWOZDWCZE, PODCZAS KT\u00d3REGO PODJ\u0118TO UCHWA\u0141Y: W ZWI\u0104ZKU Z POWY\u017bSZYM OP\u0141ATY OBOWI\u0104ZUJ\u0104CE W ROKU 2026 r. PRZEDSTAWIAJ\u0104 SI\u0118 NAST\u0118PUJ\u0104CO: OP\u0141ATA OGRODOWA (WRAZ PARTYCYPACJ\u0104 DO OZ 0,16gr) \u2013 1,30 z\u0142\/m2 SK\u0141ADKA CZ\u0141ONKOWSKA &#8211; 10,00 z\u0142\/CZ\u0141ONEK (CZYLI GDZIE S\u0104 ZRZESZENI OBOJE MA\u0141\u017bONKOWIE 2X10Z\u0141 = 20,00 z\u0142. &hellip; Czytaj wi\u0119cej<\/p>\n<\/div><div class=\"ultp-block-readmore\"><a aria-label=\"KOMUNIKAT\" href=\"https:\/\/rodpstrowskiego.pl\/index.php\/2026\/04\/13\/komunikat-2\/\" >Czytaj dalej<\/a><\/div><\/div><\/div><\/div><div class=\"ultp-block-item ultp-block-media post-id-865\"><div class=\"ultp-block-content-wrap ultp-all-postlist-2\"><div class=\"ultp-block-image ultp-block-image-slideRight\"><a href=\"https:\/\/rodpstrowskiego.pl\/index.php\/2026\/04\/01\/rabat-w-centrum-ogrodniczym-od-naszych-dzialkowcow\/\" ><img decoding=\"async\"  alt=\"Rabat w Centrum Ogrodniczym od naszych dzia\u0142kowc\u00f3w!\"  src=\"https:\/\/rodpstrowskiego.pl\/wp-content\/uploads\/2026\/04\/Zrzut-ekranu-2026-04-01-204717-600x600.png\" \/><\/a><\/div><div class=\"ultp-block-content\"><h3 class=\"ultp-block-title \"><a href=\"https:\/\/rodpstrowskiego.pl\/index.php\/2026\/04\/01\/rabat-w-centrum-ogrodniczym-od-naszych-dzialkowcow\/\" >Rabat w Centrum Ogrodniczym od naszych dzia\u0142kowc\u00f3w!<\/a><\/h3><div class=\"ultp-block-excerpt\"><p>Uwaga, drodzy dzia\u0142kowcy! Mamy \u015bwietn\u0105 wiadomo\u015b\u0107 dla wszystkich mi\u0142o\u015bnik\u00f3w ogrodnictwa. W&nbsp;Centrum Ogrodniczym prowadzonym przez naszych koleg\u00f3w-dzia\u0142kowc\u00f3w&nbsp;czeka na Was specjalny rabat! Na has\u0142o&nbsp;\u201ePstrowskiego\u201d&nbsp;otrzymacie&nbsp;a\u017c 15% zni\u017cki&nbsp;\u2013 to oferta lepsza ni\u017c standardowa! To doskona\u0142a okazja, by zaopatrzy\u0107 si\u0119 w sadzonki, nawozy, narz\u0119dzia czy inne produkty do Waszych ogr\u00f3dk\u00f3w po ni\u017cszej cenie.&hellip;<\/p>\n<\/div><\/div><\/div><\/div><div class=\"ultp-block-item ultp-block-media post-id-858\"><div class=\"ultp-block-content-wrap ultp-all-postlist-2\"><div class=\"ultp-block-image ultp-block-image-slideRight\"><a href=\"https:\/\/rodpstrowskiego.pl\/index.php\/2026\/03\/25\/wesolych-swiat-2\/\" ><img decoding=\"async\"  alt=\"Weso\u0142ych \u015awi\u0105t!\"  src=\"https:\/\/rodpstrowskiego.pl\/wp-content\/uploads\/2026\/03\/wielkanocny-zajac-600x600.png\" \/><\/a><\/div><div class=\"ultp-block-content\"><h3 class=\"ultp-block-title \"><a href=\"https:\/\/rodpstrowskiego.pl\/index.php\/2026\/03\/25\/wesolych-swiat-2\/\" >Weso\u0142ych \u015awi\u0105t!<\/a><\/h3><div class=\"ultp-block-excerpt\"><p>Niech Wielkanoc 2026 przyniesie Wam wiosenn\u0105 energi\u0119, kt\u00f3ra rozkwitnie na dzia\u0142kach jak pierwsze kie\u0142ki i p\u0105ki drzew owocowych. \u017byczymy zdrowych plon\u00f3w, chwil relaksu w\u015br\u00f3d rabatek oraz rodzinnych spotka\u0144 pe\u0142nych ciep\u0142a i smacznych wypiek\u00f3w. Zmartwychwstanie niech obdarzy Was si\u0142\u0105 na nowy sezon i rado\u015bci\u0105 z ka\u017cdej chwili w ogrodzie!Weso\u0142ego&hellip;<\/p>\n<\/div><\/div><\/div><\/div><div class=\"ultp-block-item ultp-block-media post-id-844\"><div class=\"ultp-block-content-wrap ultp-all-postlist-2\"><div class=\"ultp-block-image ultp-block-image-slideRight\"><a href=\"https:\/\/rodpstrowskiego.pl\/index.php\/2026\/03\/12\/10-rabatu-w-castorama-bytom-dla-naszych-dzialkowcow\/\" ><img decoding=\"async\"  alt=\"RABAT 10% w Castorama Bytom dla naszych dzia\u0142kowc\u00f3w!\"  src=\"https:\/\/rodpstrowskiego.pl\/wp-content\/uploads\/2026\/03\/Zrzut-ekranu-2026-03-12-083925-600x422.png\" \/><\/a><\/div><div class=\"ultp-block-content\"><h3 class=\"ultp-block-title \"><a href=\"https:\/\/rodpstrowskiego.pl\/index.php\/2026\/03\/12\/10-rabatu-w-castorama-bytom-dla-naszych-dzialkowcow\/\" >RABAT 10% w Castorama Bytom dla naszych dzia\u0142kowc\u00f3w!<\/a><\/h3><div class=\"ultp-block-excerpt\"><p>Mamy \u015bwietn\u0105 wiadomo\u015b\u0107 na start sezonu! Podobnie jak w ubieg\u0142ym roku, dzia\u0142kowcy z terenu Bytomia mog\u0105 korzysta\u0107 ze specjalnej zni\u017cki na zakupy. Co warto wiedzie\u0107? Dzi\u0119kujemy dyrekcji oraz kierownictwu Castorama Bytom za udost\u0119pnienie tej oferty bytomskim dzia\u0142kowcom. \ud83d\udcc5 Odbi\u00f3r kart dla ROD: Zapraszam po odbi\u00f3r pakiet\u00f3w we sobot\u0119&hellip;<\/p>\n<\/div><\/div><\/div><\/div><div class=\"ultp-block-item ultp-block-media post-id-842\"><div class=\"ultp-block-content-wrap ultp-all-postlist-2\"><div class=\"ultp-block-image ultp-block-image-slideRight\"><a href=\"https:\/\/rodpstrowskiego.pl\/index.php\/2026\/03\/12\/uruchomienie-sieci-wodociagowej-na-terenie-ogrodu\/\" ><img decoding=\"async\"  alt=\"Uruchomienie sieci wodoci\u0105gowej na terenie ogrodu\"  src=\"https:\/\/rodpstrowskiego.pl\/wp-content\/uploads\/2024\/07\/water-1239368_1280-600x600.jpg\" \/><\/a><\/div><div class=\"ultp-block-content\"><h3 class=\"ultp-block-title \"><a href=\"https:\/\/rodpstrowskiego.pl\/index.php\/2026\/03\/12\/uruchomienie-sieci-wodociagowej-na-terenie-ogrodu\/\" >Uruchomienie sieci wodoci\u0105gowej na terenie ogrodu<\/a><\/h3><div class=\"ultp-block-excerpt\"><p>Zarz\u0105d ROD \u201e Pstrowskiego\u201d &nbsp;informuje, \u017ce w zwi\u0105zku z planowanym Walnym Zebraniem Sprawozdawczym, uruchomienie sieci wodoci\u0105gowej na terenie ogrodu w tym sezonie nast\u0105pi w dniu 18 kwietnia (sobota). Prace b\u0119d\u0105 przebiega\u0107 zgodnie z poni\u017cszym harmonogramem: 1. Ogr\u00f3d II i III: Godz. 9:00 \u2013 otwarcie g\u0142\u00f3wnego zaworu wody. Godz.&hellip;<\/p>\n<\/div><\/div><\/div><\/div><div class=\"ultp-block-item ultp-block-media post-id-832\"><div class=\"ultp-block-content-wrap ultp-all-postlist-2\"><div class=\"ultp-block-image ultp-block-image-slideRight\"><a href=\"https:\/\/rodpstrowskiego.pl\/index.php\/2026\/03\/10\/11-04-2026-zaproszenie-na-walne-zebranie-sprawozdawcze\/\" ><img decoding=\"async\"  alt=\"11.04.2026 Zaproszenie na Walne Zebranie sprawozdawcze.\"  src=\"https:\/\/rodpstrowskiego.pl\/wp-content\/uploads\/2025\/02\/ballpoint-pen-3983595_1280-600x600.jpg\" \/><\/a><\/div><div class=\"ultp-block-content\"><h3 class=\"ultp-block-title \"><a href=\"https:\/\/rodpstrowskiego.pl\/index.php\/2026\/03\/10\/11-04-2026-zaproszenie-na-walne-zebranie-sprawozdawcze\/\" >11.04.2026 Zaproszenie na Walne Zebranie sprawozdawcze.<\/a><\/h3><div class=\"ultp-block-excerpt\"><\/div><\/div><\/div><\/div><div class=\"ultp-block-item ultp-block-media post-id-812\"><div class=\"ultp-block-content-wrap ultp-all-postlist-2\"><div class=\"ultp-block-image ultp-block-image-slideRight\"><a href=\"https:\/\/rodpstrowskiego.pl\/index.php\/2026\/02\/13\/ruszyly-prace-w-domu-dzialkowicza\/\" ><img decoding=\"async\"  alt=\"Ruszy\u0142y prace w Domu Dzia\u0142kowicza\"  src=\"https:\/\/rodpstrowskiego.pl\/wp-content\/uploads\/2026\/02\/Sasiedzi-600x563.webp\" \/><\/a><\/div><div class=\"ultp-block-content\"><h3 class=\"ultp-block-title \"><a href=\"https:\/\/rodpstrowskiego.pl\/index.php\/2026\/02\/13\/ruszyly-prace-w-domu-dzialkowicza\/\" >Ruszy\u0142y prace w Domu Dzia\u0142kowicza<\/a><\/h3><div class=\"ultp-block-excerpt\"><p>Ruszy\u0142y prace przy odmalowywaniu i przebudowie wentylacji w Domu Dzia\u0142kowicza \u2013 wszystko robimy wsp\u00f3lnymi si\u0142ami naszej ogrodowej spo\u0142eczno\u015bci. Szczeg\u00f3lnie cieszy nas, \u017ce tak wielu dzia\u0142kowc\u00f3w zupe\u0142nie bezinteresownie zg\u0142asza si\u0119 do pomocy, po\u015bwi\u0119caj\u0105c sw\u00f3j wolny czas i energi\u0119 dla wsp\u00f3lnego dobra. To pi\u0119kny przyk\u0142ad prawdziwej pracy spo\u0142ecznej i troski&hellip;<\/p>\n<\/div><\/div><\/div><\/div><div class=\"ultp-block-item ultp-block-media post-id-810\"><div class=\"ultp-block-content-wrap ultp-all-postlist-2\"><div class=\"ultp-block-image ultp-block-image-slideRight\"><a href=\"https:\/\/rodpstrowskiego.pl\/index.php\/2026\/02\/08\/informacja-waznena-rok-2026\/\" ><img decoding=\"async\"  alt=\"INFORMACJA (WA\u017bNE)na rok 2026\"  src=\"https:\/\/rodpstrowskiego.pl\/wp-content\/uploads\/2025\/01\/counter-2265065_1920-600x600.jpg\" \/><\/a><\/div><div class=\"ultp-block-content\"><h3 class=\"ultp-block-title \"><a href=\"https:\/\/rodpstrowskiego.pl\/index.php\/2026\/02\/08\/informacja-waznena-rok-2026\/\" >INFORMACJA (WA\u017bNE)na rok 2026<\/a><\/h3><div class=\"ultp-block-excerpt\"><p>Zarz\u0105d Rodzinnego Ogrodu Dzia\u0142kowego Pstrowskiego w Bytomiu przy ul. Brzezi\u0144skiej 56 prosi o wymian\u0119 wodomierzaZgodnie z Regulaminem i Uchwa\u0142\u0105 nr 11\/2016 walnego zebrania z dnia 16 czerwca 2016 roku. Informujemy i\u017c w tym rokuutraci\u0142y swoj\u0105 legalizacje wodomierze z dat\u0105 produkcji do 2019 w\u0142\u0105cznie, jednocze\u015bnie informujemy \u017ce brak wymianywodomierza&hellip;<\/p>\n<\/div><\/div><\/div><\/div><div class=\"ultp-block-item ultp-block-media post-id-796\"><div class=\"ultp-block-content-wrap ultp-all-postlist-2\"><div class=\"ultp-block-image ultp-block-image-slideRight\"><a href=\"https:\/\/rodpstrowskiego.pl\/index.php\/2025\/12\/23\/wesolych-swiat\/\" ><img decoding=\"async\"  alt=\"Weso\u0142ych \u015awi\u0105t :)\"  src=\"https:\/\/rodpstrowskiego.pl\/wp-content\/uploads\/2025\/12\/boze-narodzenie-600x600.jpg\" \/><\/a><\/div><div class=\"ultp-block-content\"><h3 class=\"ultp-block-title \"><a href=\"https:\/\/rodpstrowskiego.pl\/index.php\/2025\/12\/23\/wesolych-swiat\/\" >Weso\u0142ych \u015awi\u0105t \ud83d\ude42<\/a><\/h3><div class=\"ultp-block-excerpt\"><p>Z okazji zbli\u017caj\u0105cych si\u0119 \u015awi\u0105t Bo\u017cego Narodzenia, wszystkim Dzia\u0142kowcom ROD &#8222;Pstrowskiego&#8221; oraz ich Najbli\u017cszym, sk\u0142adamy najserdeczniejsze \u017cyczenia. Niech ten wyj\u0105tkowy czas przyniesie Pa\u0144stwu odpoczynek od trud\u00f3w dnia codziennego, spok\u00f3j w sercu i rado\u015b\u0107 przy wsp\u00f3lnym wigilijnym stole. \u017byczymy, aby nadchodz\u0105cy Nowy Rok 2026 obfitowa\u0142 w udane plony, pi\u0119kne&hellip;<\/p>\n<\/div><\/div><\/div><\/div><div class=\"ultp-block-item ultp-block-media post-id-777\"><div class=\"ultp-block-content-wrap ultp-all-postlist-2\"><div class=\"ultp-block-image ultp-block-image-slideRight\"><a href=\"https:\/\/rodpstrowskiego.pl\/index.php\/2025\/11\/27\/aktualizacja-oplaty-za-media-2025\/\" ><img decoding=\"async\"  alt=\"Aktualizacja: Op\u0142aty za media 2025\"  src=\"https:\/\/rodpstrowskiego.pl\/wp-content\/uploads\/2024\/07\/pen-5073831_1280-600x600.jpg\" \/><\/a><\/div><div class=\"ultp-block-content\"><h3 class=\"ultp-block-title \"><a href=\"https:\/\/rodpstrowskiego.pl\/index.php\/2025\/11\/27\/aktualizacja-oplaty-za-media-2025\/\" >Aktualizacja: Op\u0142aty za media 2025<\/a><\/h3><div class=\"ultp-block-excerpt\"><p>Szanowni Dzia\u0142kowicze, Informujemy, \u017ce zaktualizowali\u015bmy informacje dotycz\u0105ce op\u0142at za rok 2025 na stronie\u00a0Op\u0142aty 2025. Dane do przelewu: Bank PKO S.A.Nr konta: 20 1240 4849 1111 0010 9691 4295 W razie pyta\u0144 prosimy o kontakt z Zarz\u0105dem ROD. Zarz\u0105d ROD Pstrowskiego<\/p>\n<\/div><\/div><\/div><\/div><div class=\"ultp-block-item ultp-block-media post-id-759\"><div class=\"ultp-block-content-wrap ultp-all-postlist-2\"><div class=\"ultp-block-image ultp-block-image-slideRight\"><a href=\"https:\/\/rodpstrowskiego.pl\/index.php\/2025\/10\/12\/ogloszenie-zakrecenie-doplywu-wody-na-okres-zimowy\/\" ><img decoding=\"async\"  alt=\"Og\u0142oszenie: Zakr\u0119cenie dop\u0142ywu wody na okres zimowy.\"  src=\"https:\/\/rodpstrowskiego.pl\/wp-content\/uploads\/2024\/07\/leaves-7597975_1920.jpg\" \/><\/a><\/div><div class=\"ultp-block-content\"><h3 class=\"ultp-block-title \"><a href=\"https:\/\/rodpstrowskiego.pl\/index.php\/2025\/10\/12\/ogloszenie-zakrecenie-doplywu-wody-na-okres-zimowy\/\" >Og\u0142oszenie: Zakr\u0119cenie dop\u0142ywu wody na okres zimowy.<\/a><\/h3><div class=\"ultp-block-excerpt\"><p>Informujemy, \u017ce w dniu 8 listopada nast\u0105pi zakr\u0119cenie dop\u0142ywu wody na okres zimowy. Prosimy o przygotowanie sowich dzia\u0142ek i zabezpieczenie wszelkich instalacji. &hellip; Czytaj wi\u0119cej<\/p>\n<\/div><\/div><\/div><\/div><div class=\"ultp-block-item ultp-block-media post-id-754\"><div class=\"ultp-block-content-wrap ultp-all-postlist-2\"><div class=\"ultp-block-image ultp-block-image-slideRight\"><a href=\"https:\/\/rodpstrowskiego.pl\/index.php\/2025\/09\/09\/dzien-dzialkowca-30-sierpnia-2025-2\/\" ><img decoding=\"async\"  alt=\"Fajer w Bytomiu\"  src=\"https:\/\/rodpstrowskiego.pl\/wp-content\/uploads\/2025\/09\/Zrzut-ekranu-2025-09-09-061200-600x600.png\" \/><\/a><\/div><div class=\"ultp-block-content\"><h3 class=\"ultp-block-title \"><a href=\"https:\/\/rodpstrowskiego.pl\/index.php\/2025\/09\/09\/dzien-dzialkowca-30-sierpnia-2025-2\/\" >Fajer w Bytomiu<\/a><\/h3><div class=\"ultp-block-excerpt\"><p>Zaproszenie na wydarzenie Fajer w Bytomiu 13.09&hellip; Czytaj wi\u0119cej<\/p>\n<\/div><\/div><\/div><\/div><div class=\"ultp-block-item ultp-block-media post-id-748\"><div class=\"ultp-block-content-wrap ultp-all-postlist-2\"><div class=\"ultp-block-image ultp-block-image-slideRight\"><a href=\"https:\/\/rodpstrowskiego.pl\/index.php\/2025\/08\/26\/dzien-dzialkowca-30-sierpnia-2025\/\" ><img decoding=\"async\"  alt=\"Dzie\u0144 Dzia\u0142kowca 30 sierpnia 2025\"  src=\"https:\/\/rodpstrowskiego.pl\/wp-content\/uploads\/2025\/04\/Zrzut-ekranu-2025-04-15-o-21.34.44-600x600.png\" \/><\/a><\/div><div class=\"ultp-block-content\"><h3 class=\"ultp-block-title \"><a href=\"https:\/\/rodpstrowskiego.pl\/index.php\/2025\/08\/26\/dzien-dzialkowca-30-sierpnia-2025\/\" >Dzie\u0144 Dzia\u0142kowca 30 sierpnia 2025<\/a><\/h3><div class=\"ultp-block-excerpt\"><p>Tradycyjnie przy Domu Dzia\u0142kowca od godziny 16:00, oferujemy kaw\u0119, herbat\u0119, grill oraz zabaw\u0119 muzyczn\u0105. Sta\u0142o si\u0119 ju\u017c tradycj\u0105 &#8211; Je\u017celi w\u015br\u00f3d Nas s\u0105 osoby chc\u0105ce pochwali\u0107 si\u0119 swoimi zdolno\u015bciami cukierniczymi, gor\u0105co zach\u0119camy i zapraszamy do kontaktu. S\u0142odko\u015bci do kawy i herbaty b\u0119d\u0105 super. W dniu imprezy b\u0119dziemy rozdawa\u0107&hellip;<\/p>\n<\/div><\/div><\/div><\/div><div class=\"ultp-block-item ultp-block-media post-id-744\"><div class=\"ultp-block-content-wrap ultp-all-postlist-2\"><div class=\"ultp-block-image ultp-block-image-slideRight\"><a href=\"https:\/\/rodpstrowskiego.pl\/index.php\/2025\/07\/10\/szkolenia-dla-nowych-dzialkowcow\/\" ><img decoding=\"async\"  alt=\"Szkolenia dla nowych dzia\u0142kowc\u00f3w\"  src=\"https:\/\/rodpstrowskiego.pl\/wp-content\/uploads\/2024\/07\/pen-5073831_1280-600x600.jpg\" \/><\/a><\/div><div class=\"ultp-block-content\"><h3 class=\"ultp-block-title \"><a href=\"https:\/\/rodpstrowskiego.pl\/index.php\/2025\/07\/10\/szkolenia-dla-nowych-dzialkowcow\/\" >Szkolenia dla nowych dzia\u0142kowc\u00f3w<\/a><\/h3><div class=\"ultp-block-excerpt\"><p>Dzie\u0144 dobry, informuj\u0119, \u017ce zosta\u0142y wznowione w Delegaturze Rejonowej w Bytomiu szkolenia dla nowych dzia\u0142kowc\u00f3w. Terminy szkole\u0144 w 2025: 22.07; 26.08; 23.09; 28.10. Godz.16.00 zgodnie ze statutem PZD szkolenie jest obowi\u0105zkowe\ud83c\udf3b\u2600\ufe0f<\/p>\n<\/div><\/div><\/div><\/div><div class=\"ultp-block-item ultp-block-media post-id-740\"><div class=\"ultp-block-content-wrap ultp-all-postlist-2\"><div class=\"ultp-block-image ultp-block-image-slideRight\"><a href=\"https:\/\/rodpstrowskiego.pl\/index.php\/2025\/07\/07\/ogloszenie-lustracja-ogrodow\/\" ><img decoding=\"async\"  alt=\"Og\u0142oszenie: Lustracja ogrod\u00f3w\"  src=\"https:\/\/rodpstrowskiego.pl\/wp-content\/uploads\/2024\/07\/pen-4850076_1280-600x600.jpg\" \/><\/a><\/div><div class=\"ultp-block-content\"><h3 class=\"ultp-block-title \"><a href=\"https:\/\/rodpstrowskiego.pl\/index.php\/2025\/07\/07\/ogloszenie-lustracja-ogrodow\/\" >Og\u0142oszenie: Lustracja ogrod\u00f3w<\/a><\/h3><div class=\"ultp-block-excerpt\"><p>Zarz\u0105d ROD Pstrowskiego informuje o lustracji naszych ogrod\u00f3w kt\u00f3ra odb\u0119dzie na: &#8211; ogrodzie II i III w dniu 19-07-2025r. w godz. 10:00 -11:00 &#8211; ogrodzie I w dniu 26-07-2025r. w godz. 10:00 -11:00 Lustracja zostanie przeprowadzona pod k\u0105tem posiadania kompostownika, odpowiedniego przyci\u0119cia krzew\u00f3w oraz og\u00f3lnej estetyki. Przypominamy \u017ce&hellip;<\/p>\n<\/div><\/div><\/div><\/div><\/div><\/div><div class=\"pagination-block-html\" aria-hidden=\"true\" style=\"display: none;\"><\/div><\/div><\/div>\n","protected":false},"excerpt":{"rendered":"","protected":false},"author":1,"featured_media":550,"parent":0,"menu_order":0,"comment_status":"closed","ping_status":"closed","template":"","meta":{"kt_blocks_editor_width":"","footnotes":""},"class_list":["post-6","page","type-page","status-publish","has-post-thumbnail","hentry"],"_links":{"self":[{"href":"https:\/\/rodpstrowskiego.pl\/index.php\/wp-json\/wp\/v2\/pages\/6","targetHints":{"allow":["GET"]}}],"collection":[{"href":"https:\/\/rodpstrowskiego.pl\/index.php\/wp-json\/wp\/v2\/pages"}],"about":[{"href":"https:\/\/rodpstrowskiego.pl\/index.php\/wp-json\/wp\/v2\/types\/page"}],"author":[{"embeddable":true,"href":"https:\/\/rodpstrowskiego.pl\/index.php\/wp-json\/wp\/v2\/users\/1"}],"replies":[{"embeddable":true,"href":"https:\/\/rodpstrowskiego.pl\/index.php\/wp-json\/wp\/v2\/comments?post=6"}],"version-history":[{"count":72,"href":"https:\/\/rodpstrowskiego.pl\/index.php\/wp-json\/wp\/v2\/pages\/6\/revisions"}],"predecessor-version":[{"id":868,"href":"https:\/\/rodpstrowskiego.pl\/index.php\/wp-json\/wp\/v2\/pages\/6\/revisions\/868"}],"wp:featuredmedia":[{"embeddable":true,"href":"https:\/\/rodpstrowskiego.pl\/index.php\/wp-json\/wp\/v2\/media\/550"}],"wp:attachment":[{"href":"https:\/\/rodpstrowskiego.pl\/index.php\/wp-json\/wp\/v2\/media?parent=6"}],"curies":[{"name":"wp","href":"https:\/\/api.w.org\/{rel}","templated":true}]}}