{"id":63,"date":"2024-07-17T20:50:25","date_gmt":"2024-07-17T18:50:25","guid":{"rendered":"http:\/\/rodpstrowskiego.pl\/?page_id=63"},"modified":"2025-04-10T17:25:08","modified_gmt":"2025-04-10T15:25:08","slug":"dokumenty","status":"publish","type":"page","link":"https:\/\/rodpstrowskiego.pl\/index.php\/dokumenty\/","title":{"rendered":"Dokumenty"},"content":{"rendered":"\n<style>\n    .button-container {\n        display: flex;\n        flex-wrap: wrap;\n        justify-content: center;\n        gap: 20px;\n        margin: 20px 0;\n    }\n    .button {\n        width: calc(33.33% - 20px);\n        min-width: 150px;\n        height: 60px;\n        background-color: #808080;\n        color: white;\n        border: none;\n        border-radius: 5px;\n        cursor: pointer;\n        font-size: 18px;\n        text-decoration: none;\n        display: flex;\n        align-items: center;\n        justify-content: center;\n        transition: background-color 0.3s;\n        margin-bottom: 10px;\n        text-align: center;\n    }\n    .button:hover {\n        background-color: #606060;\n    }\n    @media (max-width: 768px) {\n        .button {\n            width: calc(50% - 20px);\n        }\n    }\n    @media (max-width: 480px) {\n        .button {\n            width: 100%;\n        }\n    }\n<\/style>\n\n<div class=\"button-container\">\n    <a href=\"https:\/\/rodpstrowskiego.pl\/wp-content\/uploads\/2024\/10\/Wzor-deklaracji-czlonkowskiej.pdf\" class=\"button\" target=\"_blank\" rel=\"noopener noreferrer\">Wz\u00f3r deklaracji cz\u0142onkowskiej<\/a>\n    <a href=\"https:\/\/rodpstrowskiego.pl\/wp-content\/uploads\/2024\/10\/umowa-przeniesienia-prawa-do-dzialki-dzialk-dzialk-PSTROWSKI.pdf\" class=\"button\" target=\"_blank\" rel=\"noopener noreferrer\">Umowa przeniesienia prawa do dzia\u0142ki<\/a>\n    <a href=\"https:\/\/rodpstrowskiego.pl\/wp-content\/uploads\/2024\/10\/RODO-ROD-Pstrowskiego.pdf\" class=\"button\" target=\"_blank\" rel=\"noopener noreferrer\">RODO ROD Pstrowskiego<\/a>\n    <a href=\"https:\/\/rodpstrowskiego.pl\/wp-content\/uploads\/2024\/10\/Regulamin-ROD-2018-publik.pdf\" class=\"button\" target=\"_blank\" rel=\"noopener noreferrer\">Regulamin ROD<\/a>\n    <a href=\"https:\/\/rodpstrowskiego.pl\/wp-content\/uploads\/2025\/04\/21a.-REGULAMIN-2020-WODA-1.pdf\" class=\"button\" target=\"_blank\" rel=\"noopener noreferrer\">Regulamin korzystania z sieci wodoci\u0105gowej<\/a>\n    <a href=\"https:\/\/rodpstrowskiego.pl\/wp-content\/uploads\/2025\/04\/22a.-REGULAMIN-2020-ENERGIA.pdf\" class=\"button\" target=\"_blank\" rel=\"noopener noreferrer\">Regulamin korzystania z energii elektrycznej<\/a>\n    <a href=\"https:\/\/rodpstrowskiego.pl\/wp-content\/uploads\/2024\/11\/KLAUZULA-INFORMACYJNA-MONITORING-WIZYJNY.pdf\" class=\"button\" target=\"_blank\" rel=\"noopener noreferrer\">Klauzula informacyjna monitoring<\/a>\n    <a href=\"https:\/\/rodpstrowskiego.pl\/wp-content\/uploads\/2025\/02\/Oswiadczenie-o-zmianie-danych.pdf\" class=\"button\" target=\"_blank\" rel=\"noopener noreferrer\">O\u015bwiadczenie o zmianie danych<\/a>\n<\/div>\n","protected":false},"excerpt":{"rendered":"<p>Wz\u00f3r deklaracji cz\u0142onkowskiej Umowa przeniesienia prawa do dzia\u0142ki RODO ROD Pstrowskiego Regulamin ROD Regulamin korzystania z sieci wodoci\u0105gowej Regulamin korzystania z energii elektrycznej Klauzula informacyjna monitoring O\u015bwiadczenie o zmianie danych<\/p>\n","protected":false},"author":1,"featured_media":0,"parent":0,"menu_order":0,"comment_status":"closed","ping_status":"closed","template":"","meta":{"kt_blocks_editor_width":"","footnotes":""},"class_list":["post-63","page","type-page","status-publish","hentry"],"_links":{"self":[{"href":"https:\/\/rodpstrowskiego.pl\/index.php\/wp-json\/wp\/v2\/pages\/63","targetHints":{"allow":["GET"]}}],"collection":[{"href":"https:\/\/rodpstrowskiego.pl\/index.php\/wp-json\/wp\/v2\/pages"}],"about":[{"href":"https:\/\/rodpstrowskiego.pl\/index.php\/wp-json\/wp\/v2\/types\/page"}],"author":[{"embeddable":true,"href":"https:\/\/rodpstrowskiego.pl\/index.php\/wp-json\/wp\/v2\/users\/1"}],"replies":[{"embeddable":true,"href":"https:\/\/rodpstrowskiego.pl\/index.php\/wp-json\/wp\/v2\/comments?post=63"}],"version-history":[{"count":25,"href":"https:\/\/rodpstrowskiego.pl\/index.php\/wp-json\/wp\/v2\/pages\/63\/revisions"}],"predecessor-version":[{"id":688,"href":"https:\/\/rodpstrowskiego.pl\/index.php\/wp-json\/wp\/v2\/pages\/63\/revisions\/688"}],"wp:attachment":[{"href":"https:\/\/rodpstrowskiego.pl\/index.php\/wp-json\/wp\/v2\/media?parent=63"}],"curies":[{"name":"wp","href":"https:\/\/api.w.org\/{rel}","templated":true}]}}