{"id":69,"date":"2024-07-17T20:54:53","date_gmt":"2024-07-17T18:54:53","guid":{"rendered":"http:\/\/rodpstrowskiego.pl\/?page_id=69"},"modified":"2025-01-14T12:14:33","modified_gmt":"2025-01-14T11:14:33","slug":"zarzad","status":"publish","type":"page","link":"https:\/\/rodpstrowskiego.pl\/index.php\/zarzad\/","title":{"rendered":"Zarz\u0105d"},"content":{"rendered":"<style>.kb-row-layout-id69_b2098d-17 > .kt-row-column-wrap{align-content:start;}:where(.kb-row-layout-id69_b2098d-17 > .kt-row-column-wrap) > .wp-block-kadence-column{justify-content:start;}.kb-row-layout-id69_b2098d-17 > .kt-row-column-wrap{column-gap:var(--global-kb-gap-md, 2rem);row-gap:var(--global-kb-gap-md, 2rem);max-width:1140px;padding-top:0px;padding-right:0px;padding-bottom:110px;padding-left:0px;grid-template-columns:minmax(0, 1fr);}.kb-row-layout-id69_b2098d-17{background-color:var(--global-palette9, #ffffff);}.kb-row-layout-id69_b2098d-17 > .kt-row-layout-overlay{opacity:0.30;}@media all and (max-width: 1024px){.kb-row-layout-id69_b2098d-17 > .kt-row-column-wrap{padding-top:80px;padding-right:0px;padding-bottom:60px;padding-left:0px;grid-template-columns:minmax(0, 1fr);}}@media all and (max-width: 767px){.kb-row-layout-id69_b2098d-17 > .kt-row-column-wrap{padding-top:60px;padding-right:15px;padding-bottom:30px;padding-left:15px;grid-template-columns:minmax(0, 1fr);}}<\/style><div class=\"kb-row-layout-wrap kb-row-layout-id69_b2098d-17 alignfull has-theme-palette9-background-color kt-row-has-bg wp-block-kadence-rowlayout\"><div class=\"kt-row-column-wrap kt-has-1-columns kt-row-layout-equal kt-tab-layout-inherit kt-mobile-layout-row kt-row-valign-top kb-theme-content-width\">\n<style>.kadence-column69_240861-9e > .kt-inside-inner-col{padding-top:0px;padding-right:0px;padding-bottom:0px;padding-left:0px;}.kadence-column69_240861-9e > .kt-inside-inner-col,.kadence-column69_240861-9e > .kt-inside-inner-col:before{border-top-left-radius:0px;border-top-right-radius:0px;border-bottom-right-radius:0px;border-bottom-left-radius:0px;}.kadence-column69_240861-9e > .kt-inside-inner-col{column-gap:var(--global-kb-gap-sm, 1rem);}.kadence-column69_240861-9e > .kt-inside-inner-col{flex-direction:column;}.kadence-column69_240861-9e > .kt-inside-inner-col > .aligncenter{width:100%;}.kadence-column69_240861-9e > .kt-inside-inner-col:before{opacity:0.3;}.kadence-column69_240861-9e{position:relative;}@media all and (max-width: 1024px){.kadence-column69_240861-9e > .kt-inside-inner-col{flex-direction:column;justify-content:center;}}@media all and (max-width: 767px){.kadence-column69_240861-9e > .kt-inside-inner-col{flex-direction:column;justify-content:center;}}<\/style>\n<div class=\"wp-block-kadence-column kadence-column69_240861-9e inner-column-1\"><div class=\"kt-inside-inner-col\"><style>.wp-block-kadence-advancedheading.kt-adv-heading69_4cc7d5-07, .wp-block-kadence-advancedheading.kt-adv-heading69_4cc7d5-07[data-kb-block=\"kb-adv-heading69_4cc7d5-07\"]{margin-bottom:var(--global-kb-spacing-sm, 1.5rem);text-align:center;font-size:var(--global-kb-font-size-xxl, 4rem);line-height:1em;font-weight:400;font-style:normal;text-transform:uppercase;letter-spacing:1px;color:#368612;}.wp-block-kadence-advancedheading.kt-adv-heading69_4cc7d5-07 mark.kt-highlight, .wp-block-kadence-advancedheading.kt-adv-heading69_4cc7d5-07[data-kb-block=\"kb-adv-heading69_4cc7d5-07\"] mark.kt-highlight{font-style:normal;color:#f76a0c;-webkit-box-decoration-break:clone;box-decoration-break:clone;padding-top:0px;padding-right:0px;padding-bottom:0px;padding-left:0px;}.wp-block-kadence-advancedheading.kt-adv-heading69_4cc7d5-07 img.kb-inline-image, .wp-block-kadence-advancedheading.kt-adv-heading69_4cc7d5-07[data-kb-block=\"kb-adv-heading69_4cc7d5-07\"] img.kb-inline-image{width:150px;vertical-align:baseline;}@media all and (max-width: 1024px){.wp-block-kadence-advancedheading.kt-adv-heading69_4cc7d5-07, .wp-block-kadence-advancedheading.kt-adv-heading69_4cc7d5-07[data-kb-block=\"kb-adv-heading69_4cc7d5-07\"]{text-align:center!important;}}<\/style>\n<p class=\"kt-adv-heading69_4cc7d5-07 wp-block-kadence-advancedheading\" data-kb-block=\"kb-adv-heading69_4cc7d5-07\"><strong>Zarz\u0105d ROD Pstrowskiego<\/strong><\/p>\n\n\n<style>.wp-block-kadence-advancedheading.kt-adv-heading69_9109af-97, .wp-block-kadence-advancedheading.kt-adv-heading69_9109af-97[data-kb-block=\"kb-adv-heading69_9109af-97\"]{margin-top:-5px;margin-right:0px;margin-bottom:28.5px;margin-left:0px;text-align:center;line-height:1em;font-style:normal;}.wp-block-kadence-advancedheading.kt-adv-heading69_9109af-97 mark.kt-highlight, .wp-block-kadence-advancedheading.kt-adv-heading69_9109af-97[data-kb-block=\"kb-adv-heading69_9109af-97\"] mark.kt-highlight{font-style:normal;color:#f76a0c;-webkit-box-decoration-break:clone;box-decoration-break:clone;padding-top:0px;padding-right:0px;padding-bottom:0px;padding-left:0px;}.wp-block-kadence-advancedheading.kt-adv-heading69_9109af-97 img.kb-inline-image, .wp-block-kadence-advancedheading.kt-adv-heading69_9109af-97[data-kb-block=\"kb-adv-heading69_9109af-97\"] img.kb-inline-image{width:150px;vertical-align:baseline;}@media all and (max-width: 1024px){.wp-block-kadence-advancedheading.kt-adv-heading69_9109af-97, .wp-block-kadence-advancedheading.kt-adv-heading69_9109af-97[data-kb-block=\"kb-adv-heading69_9109af-97\"]{text-align:center!important;}}@media all and (max-width: 767px){.wp-block-kadence-advancedheading.kt-adv-heading69_9109af-97, .wp-block-kadence-advancedheading.kt-adv-heading69_9109af-97[data-kb-block=\"kb-adv-heading69_9109af-97\"]{line-height:1.3em;}}<\/style>\n<h4 class=\"kt-adv-heading69_9109af-97 wp-block-kadence-advancedheading\" data-kb-block=\"kb-adv-heading69_9109af-97\"><strong>Zapraszamy do kontaktu<\/strong><\/h4>\n\n\n<style>.kadence-column69_80600c-4c > .kt-inside-inner-col{display:flex;}.kadence-column69_80600c-4c > .kt-inside-inner-col{box-shadow:0px 0px 14px 0px rgba(0, 0, 0, 0.2);}.kadence-column69_80600c-4c > .kt-inside-inner-col,.kadence-column69_80600c-4c > .kt-inside-inner-col:before{border-top-left-radius:6px;border-top-right-radius:6px;border-bottom-right-radius:6px;border-bottom-left-radius:6px;}.kadence-column69_80600c-4c > .kt-inside-inner-col{column-gap:var(--global-kb-gap-none, 0rem );}.kadence-column69_80600c-4c > .kt-inside-inner-col{flex-direction:row;flex-wrap:wrap;align-items:center;}.kadence-column69_80600c-4c > .kt-inside-inner-col > *, .kadence-column69_80600c-4c > .kt-inside-inner-col > figure.wp-block-image, .kadence-column69_80600c-4c > .kt-inside-inner-col > figure.wp-block-kadence-image{margin-top:0px;margin-bottom:0px;}.kadence-column69_80600c-4c > .kt-inside-inner-col > .kb-image-is-ratio-size{flex-grow:1;}.kadence-column69_80600c-4c > .kt-inside-inner-col{background-color:var(--global-palette9, #ffffff);}.kadence-column69_80600c-4c > .kt-inside-inner-col:before{opacity:0.3;}.kadence-column69_80600c-4c, .kadence-column69_80600c-4c h1, .kadence-column69_80600c-4c h2, .kadence-column69_80600c-4c h3, .kadence-column69_80600c-4c h4, .kadence-column69_80600c-4c h5, .kadence-column69_80600c-4c h6{color:#b81818;}.kadence-column69_80600c-4c a{color:#da1111;}.kadence-column69_80600c-4c a:hover{color:#dd0a0a;}.kadence-column69_80600c-4c{position:relative;}.kadence-column69_80600c-4c, .kt-inside-inner-col > .kadence-column69_80600c-4c:not(.specificity){margin-top:var(--global-kb-spacing-xxl, 5rem);}@media all and (max-width: 1024px){.kadence-column69_80600c-4c > .kt-inside-inner-col{flex-direction:column;justify-content:center;align-items:stretch;flex-wrap:nowrap;}}@media all and (max-width: 1024px){.wp-block-kadence-column.kb-section-dir-horizontal.kadence-column69_80600c-4c > .kt-inside-inner-col > *{-webkit-flex:unset;flex:unset;}}@media all and (max-width: 1024px){.wp-block-kadence-column.kb-section-dir-horizontal.kadence-column69_80600c-4c > .kt-inside-inner-col > .wp-block-kadence-infobox{align-self:unset;}}@media all and (max-width: 767px){.kadence-column69_80600c-4c > .kt-inside-inner-col{flex-direction:column;justify-content:center;align-items:stretch;}}<\/style>\n<div class=\"wp-block-kadence-column kadence-column69_80600c-4c kb-section-dir-horizontal kb-section-md-dir-vertical\"><div class=\"kt-inside-inner-col\"><style>.kadence-column69_58f9ad-cf > .kt-inside-inner-col{padding-top:30px;padding-right:30px;padding-bottom:30px;padding-left:30px;}.kadence-column69_58f9ad-cf > .kt-inside-inner-col,.kadence-column69_58f9ad-cf > .kt-inside-inner-col:before{border-top-left-radius:0px;border-top-right-radius:0px;border-bottom-right-radius:0px;border-bottom-left-radius:0px;}.kadence-column69_58f9ad-cf > .kt-inside-inner-col{column-gap:var(--global-kb-gap-sm, 1rem);}.kadence-column69_58f9ad-cf > .kt-inside-inner-col{flex-direction:column;}.kadence-column69_58f9ad-cf > .kt-inside-inner-col > .aligncenter{width:100%;}.kadence-column69_58f9ad-cf > .kt-inside-inner-col:before{opacity:0.3;}.kadence-column69_58f9ad-cf{position:relative;}.kadence-column69_58f9ad-cf, .kt-inside-inner-col > .kadence-column69_58f9ad-cf:not(.specificity){margin-top:0px;margin-right:0px;margin-bottom:0px;margin-left:0px;}@media all and (max-width: 1024px){.kadence-column69_58f9ad-cf > .kt-inside-inner-col{padding-top:30px;padding-right:50px;padding-bottom:30px;padding-left:50px;flex-direction:column;justify-content:center;}}@media all and (max-width: 1024px){.kadence-column69_58f9ad-cf, .kt-inside-inner-col > .kadence-column69_58f9ad-cf:not(.specificity){margin-top:0px;margin-right:0px;margin-bottom:30px;margin-left:0px;}}@media all and (max-width: 767px){.kadence-column69_58f9ad-cf > .kt-inside-inner-col{padding-right:var(--global-kb-spacing-xxs, 0.5rem);padding-left:var(--global-kb-spacing-xxs, 0.5rem);flex-direction:column;justify-content:center;}}<\/style>\n<div class=\"wp-block-kadence-column kadence-column69_58f9ad-cf inner-column-4\"><div class=\"kt-inside-inner-col\"><style>.wp-block-kadence-column.kb-section-dir-horizontal > .kt-inside-inner-col > .kt-info-box69_706c91-af .kt-blocks-info-box-link-wrap{max-width:unset;}.kt-info-box69_706c91-af .kt-blocks-info-box-link-wrap{border-top-left-radius:0px;border-top-right-radius:0px;border-bottom-right-radius:0px;border-bottom-left-radius:0px;background:rgba(242, 242, 242, 0);padding-top:0px;padding-right:0px;padding-bottom:0px;padding-left:0px;margin-top:0px;margin-right:0px;margin-bottom:0px;margin-left:0px;}.kt-info-box69_706c91-af .kt-blocks-info-box-link-wrap:hover{background:rgba(242, 242, 242, 0);}.kt-info-box69_706c91-af .kadence-info-box-icon-container .kt-info-svg-icon, .kt-info-box69_706c91-af .kt-info-svg-icon-flip, .kt-info-box69_706c91-af .kt-blocks-info-box-number{font-size:36px;}.kt-info-box69_706c91-af .kt-blocks-info-box-media{color:#368612;background:transparent;border-color:#444444;border-top-width:0px;border-right-width:0px;border-bottom-width:0px;border-left-width:0px;padding-top:0px;padding-right:0px;padding-bottom:0px;padding-left:0px;}.kt-info-box69_706c91-af .kt-blocks-info-box-media-container{margin-top:0px;margin-right:0px;margin-bottom:20px;margin-left:0px;}.kt-info-box69_706c91-af .kt-blocks-info-box-link-wrap:hover .kt-blocks-info-box-media{color:var(--global-palette2, #2B6CB0);background:transparent;border-color:#444444;}.kt-info-box69_706c91-af .kt-infobox-textcontent h5.kt-blocks-info-box-title{color:var(--global-palette4, #2D3748);padding-top:0px;padding-right:0px;padding-bottom:0px;padding-left:0px;margin-top:0px;margin-right:0px;margin-bottom:10px;margin-left:0px;}.kt-info-box69_706c91-af .kt-blocks-info-box-link-wrap:hover h5.kt-blocks-info-box-title{color:var(--global-palette4, #2D3748);}.kt-info-box69_706c91-af .kt-infobox-textcontent .kt-blocks-info-box-text{color:var(--global-palette5, #4A5568);}.kt-info-box69_706c91-af .kt-blocks-info-box-link-wrap:hover .kt-blocks-info-box-text{color:var(--global-palette5, #4A5568);}.kt-info-box69_706c91-af .kt-blocks-info-box-learnmore{background:transparent;border-color:#555555;border-width:0px 0px 0px 0px;padding-top:4px;padding-right:8px;padding-bottom:4px;padding-left:8px;margin-top:10px;margin-right:0px;margin-bottom:10px;margin-left:0px;}.kt-info-box69_706c91-af .kt-blocks-info-box-link-wrap:hover .kt-blocks-info-box-learnmore,.kt-info-box69_706c91-af .kt-blocks-info-box-link-wrap .kt-blocks-info-box-learnmore:focus{color:#ffffff;background:#444444;border-color:#444444;}<\/style>\n<div class=\"wp-block-kadence-infobox kt-info-box69_706c91-af\"><span class=\"kt-blocks-info-box-link-wrap info-box-link kt-blocks-info-box-media-align-top kt-info-halign-center\"><div class=\"kt-blocks-info-box-media-container\"><div class=\"kt-blocks-info-box-media kt-info-media-animate-none\"><div class=\"kadence-info-box-icon-container kt-info-icon-animate-none\"><div class=\"kadence-info-box-icon-inner-container\"><span class=\"kb-svg-icon-wrap kb-svg-icon-fas_user-tie kt-info-svg-icon\"><svg viewBox=\"0 0 448 512\"  fill=\"currentColor\" xmlns=\"http:\/\/www.w3.org\/2000\/svg\"  aria-hidden=\"true\"><path d=\"M224 256c70.7 0 128-57.3 128-128S294.7 0 224 0 96 57.3 96 128s57.3 128 128 128zm95.8 32.6L272 480l-32-136 32-56h-96l32 56-32 136-47.8-191.4C56.9 292 0 350.3 0 422.4V464c0 26.5 21.5 48 48 48h352c26.5 0 48-21.5 48-48v-41.6c0-72.1-56.9-130.4-128.2-133.8z\"\/><\/svg><\/span><\/div><\/div><\/div><\/div><div class=\"kt-infobox-textcontent\"><h5 class=\"kt-blocks-info-box-title\"><strong>ZARZ\u0104D<\/strong><\/h5><p class=\"kt-blocks-info-box-text\">Prezes \u2013 Jaros\u0142aw K\u0119sik \u2013 502-755-344<br>Wiceprezes \u2013 Wojciech Stusek \u2013 609-460-498<br>Skarbnik \u2013 Henryka Rusin \u2013 885-858-880<br>Sekretarz- El\u017cbieta Kieliszek<br>Cz\u0142onek \u2013 Barbara Kalwat<\/p><\/div><\/span><\/div>\n<\/div><\/div>\n\n\n<style>.kadence-column69_551160-bf > .kt-inside-inner-col{padding-top:30px;padding-right:30px;padding-bottom:30px;padding-left:30px;}.kadence-column69_551160-bf > .kt-inside-inner-col,.kadence-column69_551160-bf > .kt-inside-inner-col:before{border-top-left-radius:0px;border-top-right-radius:0px;border-bottom-right-radius:0px;border-bottom-left-radius:0px;}.kadence-column69_551160-bf > .kt-inside-inner-col{column-gap:var(--global-kb-gap-sm, 1rem);}.kadence-column69_551160-bf > .kt-inside-inner-col{flex-direction:column;}.kadence-column69_551160-bf > .kt-inside-inner-col > .aligncenter{width:100%;}.kadence-column69_551160-bf > .kt-inside-inner-col:before{opacity:0.3;}.kadence-column69_551160-bf{position:relative;}.kadence-column69_551160-bf, .kt-inside-inner-col > .kadence-column69_551160-bf:not(.specificity){margin-top:0px;margin-right:0px;margin-bottom:0px;margin-left:0px;}@media all and (max-width: 1024px){.kadence-column69_551160-bf > .kt-inside-inner-col{flex-direction:column;justify-content:center;}}@media all and (max-width: 767px){.kadence-column69_551160-bf > .kt-inside-inner-col{padding-right:var(--global-kb-spacing-xxs, 0.5rem);padding-left:var(--global-kb-spacing-xxs, 0.5rem);flex-direction:column;justify-content:center;}}<\/style>\n<div class=\"wp-block-kadence-column kadence-column69_551160-bf inner-column-4\"><div class=\"kt-inside-inner-col\"><style>.wp-block-kadence-column.kb-section-dir-horizontal > .kt-inside-inner-col > .kt-info-box69_052d93-26 .kt-blocks-info-box-link-wrap{max-width:unset;}.kt-info-box69_052d93-26 .kt-blocks-info-box-link-wrap{border-top-left-radius:0px;border-top-right-radius:0px;border-bottom-right-radius:0px;border-bottom-left-radius:0px;background:rgba(144,12,12,0);padding-top:0px;padding-right:0px;padding-bottom:0px;padding-left:0px;margin-top:0px;margin-right:0px;margin-bottom:0px;margin-left:0px;}.kt-info-box69_052d93-26 .kt-blocks-info-box-link-wrap:hover{background:rgba(242, 242, 242, 0);}.kt-info-box69_052d93-26 .kadence-info-box-icon-container .kt-info-svg-icon, .kt-info-box69_052d93-26 .kt-info-svg-icon-flip, .kt-info-box69_052d93-26 .kt-blocks-info-box-number{font-size:36px;}.kt-info-box69_052d93-26 .kt-blocks-info-box-media{color:#368612;background:transparent;border-color:#444444;border-top-width:0px;border-right-width:0px;border-bottom-width:0px;border-left-width:0px;padding-top:0px;padding-right:0px;padding-bottom:0px;padding-left:0px;}.kt-info-box69_052d93-26 .kt-blocks-info-box-media-container{margin-top:0px;margin-right:0px;margin-bottom:20px;margin-left:0px;}.kt-info-box69_052d93-26 .kt-blocks-info-box-link-wrap:hover .kt-blocks-info-box-media{color:var(--global-palette2, #2B6CB0);background:transparent;border-color:#444444;}.kt-info-box69_052d93-26 .kt-infobox-textcontent h5.kt-blocks-info-box-title{color:var(--global-palette4, #2D3748);padding-top:0px;padding-right:0px;padding-bottom:0px;padding-left:0px;margin-top:0px;margin-right:0px;margin-bottom:10px;margin-left:0px;}.kt-info-box69_052d93-26 .kt-blocks-info-box-link-wrap:hover h5.kt-blocks-info-box-title{color:var(--global-palette4, #2D3748);}.kt-info-box69_052d93-26 .kt-infobox-textcontent .kt-blocks-info-box-text{color:var(--global-palette5, #4A5568);}.kt-info-box69_052d93-26 .kt-blocks-info-box-link-wrap:hover .kt-blocks-info-box-text{color:var(--global-palette5, #4A5568);}.kt-info-box69_052d93-26 .kt-blocks-info-box-learnmore{background:transparent;border-color:#555555;border-width:0px 0px 0px 0px;padding-top:4px;padding-right:8px;padding-bottom:4px;padding-left:8px;margin-top:10px;margin-right:0px;margin-bottom:10px;margin-left:0px;}.kt-info-box69_052d93-26 .kt-blocks-info-box-link-wrap:hover .kt-blocks-info-box-learnmore,.kt-info-box69_052d93-26 .kt-blocks-info-box-link-wrap .kt-blocks-info-box-learnmore:focus{color:#ffffff;background:#444444;border-color:#444444;}<\/style>\n<div class=\"wp-block-kadence-infobox kt-info-box69_052d93-26\"><span class=\"kt-blocks-info-box-link-wrap info-box-link kt-blocks-info-box-media-align-top kt-info-halign-center\"><div class=\"kt-blocks-info-box-media-container\"><div class=\"kt-blocks-info-box-media kt-info-media-animate-none\"><div class=\"kadence-info-box-icon-container kt-info-icon-animate-none\"><div class=\"kadence-info-box-icon-inner-container\"><span class=\"kb-svg-icon-wrap kb-svg-icon-fas_user-friends kt-info-svg-icon\"><svg viewBox=\"0 0 640 512\"  fill=\"currentColor\" xmlns=\"http:\/\/www.w3.org\/2000\/svg\"  aria-hidden=\"true\"><path d=\"M192 256c61.9 0 112-50.1 112-112S253.9 32 192 32 80 82.1 80 144s50.1 112 112 112zm76.8 32h-8.3c-20.8 10-43.9 16-68.5 16s-47.6-6-68.5-16h-8.3C51.6 288 0 339.6 0 403.2V432c0 26.5 21.5 48 48 48h288c26.5 0 48-21.5 48-48v-28.8c0-63.6-51.6-115.2-115.2-115.2zM480 256c53 0 96-43 96-96s-43-96-96-96-96 43-96 96 43 96 96 96zm48 32h-3.8c-13.9 4.8-28.6 8-44.2 8s-30.3-3.2-44.2-8H432c-20.4 0-39.2 5.9-55.7 15.4 24.4 26.3 39.7 61.2 39.7 99.8v38.4c0 2.2-.5 4.3-.6 6.4H592c26.5 0 48-21.5 48-48 0-61.9-50.1-112-112-112z\"\/><\/svg><\/span><\/div><\/div><\/div><\/div><div class=\"kt-infobox-textcontent\"><h5 class=\"kt-blocks-info-box-title\"><strong>KOMISJA REWIZYJNA<\/strong><\/h5><p class=\"kt-blocks-info-box-text\">Przewodnicz\u0105ca : Sylwia Seher<br>Zast\u0119pca : Alicja Buk<br>Sekretarz: Adam Matejczyk<br><br><br><\/p><\/div><\/span><\/div>\n<\/div><\/div>\n\n\n<style>.kadence-column69_f70dec-5e > .kt-inside-inner-col{padding-top:30px;padding-right:30px;padding-bottom:30px;padding-left:30px;}.kadence-column69_f70dec-5e > .kt-inside-inner-col,.kadence-column69_f70dec-5e > .kt-inside-inner-col:before{border-top-left-radius:0px;border-top-right-radius:0px;border-bottom-right-radius:0px;border-bottom-left-radius:0px;}.kadence-column69_f70dec-5e > .kt-inside-inner-col{column-gap:var(--global-kb-gap-sm, 1rem);}.kadence-column69_f70dec-5e > .kt-inside-inner-col{flex-direction:column;}.kadence-column69_f70dec-5e > .kt-inside-inner-col > .aligncenter{width:100%;}.kadence-column69_f70dec-5e > .kt-inside-inner-col:before{opacity:0.3;}.kadence-column69_f70dec-5e{position:relative;}.kadence-column69_f70dec-5e, .kt-inside-inner-col > .kadence-column69_f70dec-5e:not(.specificity){margin-top:0px;margin-right:0px;margin-bottom:0px;margin-left:0px;}@media all and (max-width: 1024px){.kadence-column69_f70dec-5e > .kt-inside-inner-col{flex-direction:column;justify-content:center;}}@media all and (max-width: 767px){.kadence-column69_f70dec-5e > .kt-inside-inner-col{padding-right:var(--global-kb-spacing-xxs, 0.5rem);padding-left:var(--global-kb-spacing-xxs, 0.5rem);flex-direction:column;justify-content:center;}}<\/style>\n<div class=\"wp-block-kadence-column kadence-column69_f70dec-5e inner-column-4\"><div class=\"kt-inside-inner-col\"><style>.wp-block-kadence-column.kb-section-dir-horizontal > .kt-inside-inner-col > .kt-info-box69_232ce3-ad .kt-blocks-info-box-link-wrap{max-width:unset;}.kt-info-box69_232ce3-ad .kt-blocks-info-box-link-wrap{border-top-left-radius:0px;border-top-right-radius:0px;border-bottom-right-radius:0px;border-bottom-left-radius:0px;background:rgba(242, 242, 242, 0);padding-top:0px;padding-right:0px;padding-bottom:0px;padding-left:0px;margin-top:0px;margin-right:0px;margin-bottom:0px;margin-left:0px;}.kt-info-box69_232ce3-ad .kt-blocks-info-box-link-wrap:hover{background:rgba(242, 242, 242, 0);}.kt-info-box69_232ce3-ad .kadence-info-box-icon-container .kt-info-svg-icon, .kt-info-box69_232ce3-ad .kt-info-svg-icon-flip, .kt-info-box69_232ce3-ad .kt-blocks-info-box-number{font-size:36px;}.kt-info-box69_232ce3-ad .kt-blocks-info-box-media{color:#368612;background:transparent;border-color:#444444;border-top-width:0px;border-right-width:0px;border-bottom-width:0px;border-left-width:0px;padding-top:0px;padding-right:0px;padding-bottom:0px;padding-left:0px;}.kt-info-box69_232ce3-ad .kt-blocks-info-box-media-container{margin-top:0px;margin-right:0px;margin-bottom:20px;margin-left:0px;}.kt-info-box69_232ce3-ad .kt-blocks-info-box-link-wrap:hover .kt-blocks-info-box-media{color:var(--global-palette2, #2B6CB0);background:transparent;border-color:#444444;}.kt-info-box69_232ce3-ad .kt-infobox-textcontent h5.kt-blocks-info-box-title{color:var(--global-palette4, #2D3748);padding-top:0px;padding-right:0px;padding-bottom:0px;padding-left:0px;margin-top:0px;margin-right:0px;margin-bottom:10px;margin-left:0px;}.kt-info-box69_232ce3-ad .kt-blocks-info-box-link-wrap:hover h5.kt-blocks-info-box-title{color:var(--global-palette4, #2D3748);}.kt-info-box69_232ce3-ad .kt-infobox-textcontent .kt-blocks-info-box-text{color:var(--global-palette5, #4A5568);}.kt-info-box69_232ce3-ad .kt-blocks-info-box-link-wrap:hover .kt-blocks-info-box-text{color:var(--global-palette5, #4A5568);}.kt-info-box69_232ce3-ad .kt-blocks-info-box-learnmore{background:transparent;border-color:#555555;border-width:0px 0px 0px 0px;padding-top:4px;padding-right:8px;padding-bottom:4px;padding-left:8px;margin-top:10px;margin-right:0px;margin-bottom:10px;margin-left:0px;}.kt-info-box69_232ce3-ad .kt-blocks-info-box-link-wrap:hover .kt-blocks-info-box-learnmore,.kt-info-box69_232ce3-ad .kt-blocks-info-box-link-wrap .kt-blocks-info-box-learnmore:focus{color:#ffffff;background:#444444;border-color:#444444;}@media all and (max-width: 767px){.kt-info-box69_232ce3-ad .kt-blocks-info-box-link-wrap{padding-right:0px;}}<\/style>\n<div class=\"wp-block-kadence-infobox kt-info-box69_232ce3-ad\"><span class=\"kt-blocks-info-box-link-wrap info-box-link kt-blocks-info-box-media-align-top kt-info-halign-center\"><div class=\"kt-blocks-info-box-media-container\"><div class=\"kt-blocks-info-box-media kt-info-media-animate-none\"><div class=\"kadence-info-box-icon-container kt-info-icon-animate-none\"><div class=\"kadence-info-box-icon-inner-container\"><span class=\"kb-svg-icon-wrap kb-svg-icon-ic_wrench kt-info-svg-icon\"><svg viewBox=\"0 0 8 8\"  fill=\"currentColor\" xmlns=\"http:\/\/www.w3.org\/2000\/svg\"  aria-hidden=\"true\"><path d=\"M5.5 0c-1.38 0-2.5 1.12-2.5 2.5 0 .32.08.62.19.91l-2.91 2.88c-.39.39-.39 1.05 0 1.44.2.2.46.28.72.28.26 0 .52-.09.72-.28l2.88-2.91c.28.11.58.19.91.19 1.38 0 2.5-1.12 2.5-2.5 0-.16 0-.32-.03-.47l-.97.97h-2v-2l.97-.97c-.15-.03-.31-.03-.47-.03zm-4.5 6.5c.28 0 .5.22.5.5s-.22.5-.5.5-.5-.22-.5-.5.22-.5.5-.5z\"\/><\/svg><\/span><\/div><\/div><\/div><\/div><div class=\"kt-infobox-textcontent\"><h5 class=\"kt-blocks-info-box-title\"><strong>GOSPODARZ OGROD\u00d3W<\/strong><\/h5><p class=\"kt-blocks-info-box-text\">Ogr\u00f3d nr&nbsp; I : (Wolny wakat)  <br>Prosimy kontaktowa\u0107 si\u0119 z zarz\u0105dem<br>Ogr\u00f3d nr II&nbsp; i III&nbsp; : Krzysztof Weso\u0142owski &#8211; <br>501-549-451<br><br><\/p><\/div><\/span><\/div>\n<\/div><\/div>\n<\/div><\/div>\n<\/div><\/div>\n\n<\/div><\/div>","protected":false},"excerpt":{"rendered":"<p>Zarz\u0105d ROD Pstrowskiego Zapraszamy do kontaktu<\/p>\n","protected":false},"author":1,"featured_media":0,"parent":0,"menu_order":0,"comment_status":"closed","ping_status":"closed","template":"","meta":{"kt_blocks_editor_width":"","footnotes":""},"class_list":["post-69","page","type-page","status-publish","hentry"],"_links":{"self":[{"href":"https:\/\/rodpstrowskiego.pl\/index.php\/wp-json\/wp\/v2\/pages\/69","targetHints":{"allow":["GET"]}}],"collection":[{"href":"https:\/\/rodpstrowskiego.pl\/index.php\/wp-json\/wp\/v2\/pages"}],"about":[{"href":"https:\/\/rodpstrowskiego.pl\/index.php\/wp-json\/wp\/v2\/types\/page"}],"author":[{"embeddable":true,"href":"https:\/\/rodpstrowskiego.pl\/index.php\/wp-json\/wp\/v2\/users\/1"}],"replies":[{"embeddable":true,"href":"https:\/\/rodpstrowskiego.pl\/index.php\/wp-json\/wp\/v2\/comments?post=69"}],"version-history":[{"count":51,"href":"https:\/\/rodpstrowskiego.pl\/index.php\/wp-json\/wp\/v2\/pages\/69\/revisions"}],"predecessor-version":[{"id":571,"href":"https:\/\/rodpstrowskiego.pl\/index.php\/wp-json\/wp\/v2\/pages\/69\/revisions\/571"}],"wp:attachment":[{"href":"https:\/\/rodpstrowskiego.pl\/index.php\/wp-json\/wp\/v2\/media?parent=69"}],"curies":[{"name":"wp","href":"https:\/\/api.w.org\/{rel}","templated":true}]}}